{"id":46,"date":"2020-10-13T17:19:39","date_gmt":"2020-10-13T17:19:39","guid":{"rendered":"https:\/\/expert-themes.com\/newwp\/emarat\/?page_id=46"},"modified":"2023-02-01T04:03:52","modified_gmt":"2023-02-01T04:03:52","slug":"projects","status":"publish","type":"page","link":"https:\/\/zrconstruc.com\/index.php\/projects\/","title":{"rendered":"Proyectos"},"content":{"rendered":"\t\t<div data-elementor-type=\"wp-page\" data-elementor-id=\"46\" class=\"elementor elementor-46\">\n\t\t\t\t\t\t<section class=\"elementor-section elementor-top-section elementor-element elementor-element-a7fa381 elementor-section-full_width elementor-section-height-default elementor-section-height-default\" data-id=\"a7fa381\" data-element_type=\"section\" data-e-type=\"section\">\n\t\t\t\t\t\t<div class=\"elementor-container elementor-column-gap-default\">\n\t\t\t\t\t<div class=\"elementor-column elementor-col-100 elementor-top-column elementor-element elementor-element-c094f46\" data-id=\"c094f46\" data-element_type=\"column\" data-e-type=\"column\">\n\t\t\t<div class=\"elementor-widget-wrap elementor-element-populated\">\n\t\t\t\t\t\t<div class=\"elementor-element elementor-element-95110e2 elementor-widget elementor-widget-Our_Projects_V2\" data-id=\"95110e2\" data-element_type=\"widget\" data-e-type=\"widget\" data-widget_type=\"Our_Projects_V2.default\">\n\t\t\t\t<div class=\"elementor-widget-container\">\n\t\t\t\t\t\t\r\n    <!--Project Section Two-->\r\n    <section class=\"project-section-two\">\r\n        <div class=\"auto-container\">\r\n            <!--Sec Title-->\r\n            <div class=\"sec-title centered\">\r\n                <div class=\"title\"> Nuestro Mejores Trabajos<\/div>\r\n                <h2>\u00daltimos Proyectos<\/h2>\r\n                <div class=\"seperater\"><\/div>\r\n            <\/div>\r\n            <div class=\"row clearfix\">\r\n                                <!--Project Block-->\r\n                <div class=\"project-block col-lg-3 col-md-6 col-sm-12\">\r\n                    <div class=\"inner-box\">\r\n                        <div class=\"image\">\r\n\t\t\t\t\t\t\t<img fetchpriority=\"high\" decoding=\"async\" width=\"270\" height=\"380\" src=\"https:\/\/zrconstruc.com\/wp-content\/uploads\/2019\/02\/5-1.jpg\" class=\"attachment-emarat_270x380 size-emarat_270x380 wp-post-image\" alt=\"\" srcset=\"https:\/\/zrconstruc.com\/wp-content\/uploads\/2019\/02\/5-1.jpg 270w, https:\/\/zrconstruc.com\/wp-content\/uploads\/2019\/02\/5-1-213x300.jpg 213w\" sizes=\"(max-width: 270px) 100vw, 270px\" \/>                            <div class=\"overlay-box\">\r\n                                <div class=\"content\">\r\n                                    <h3>Triangle Concrete House On Lake<\/h3>\r\n                                    <div class=\"see-project\">See Project <span class=\"fa fa-angle-right\"><\/span><\/div>\r\n                                <\/div>\r\n                            <\/div>\r\n                            <!--Overlay Two-->\r\n                            <div class=\"overlay-two\">\r\n                                <div class=\"overlay-two-inner\">\r\n                                    <div class=\"overlay-two-content\">\r\n                                        <h2><a href=\"https:\/\/zrconstruc.com\/index.php\/emarat_projects\/triangle-concrete-house-on-lake-4\/\">Triangle Concrete House On Lake<\/a><\/h2>\r\n                                        <div class=\"text\">Well we\u2019re movin\u2019 on up to the east side. To a deluxe apartment in the sky. The weather started getting rough \u2013 the tiny ship&hellip;<\/div>\r\n                                        <a href=\"https:\/\/zrconstruc.com\/index.php\/emarat_projects\/triangle-concrete-house-on-lake-4\/\" class=\"see-more\">See Project <span class=\"fa fa-angle-right\"><\/span><\/a>\r\n                                    <\/div>\r\n                                <\/div>\r\n                            <\/div>\r\n                        <\/div>\r\n                    <\/div>\r\n                <\/div>\r\n                                <!--Project Block-->\r\n                <div class=\"project-block col-lg-6 col-md-12 col-sm-12\">\r\n                    <div class=\"inner-box\">\r\n                        <div class=\"image\">\r\n\t\t\t\t\t\t\t<img decoding=\"async\" width=\"570\" height=\"376\" src=\"https:\/\/zrconstruc.com\/wp-content\/uploads\/2019\/02\/6.jpg\" class=\"attachment-emarat_570x380 size-emarat_570x380 wp-post-image\" alt=\"\" srcset=\"https:\/\/zrconstruc.com\/wp-content\/uploads\/2019\/02\/6.jpg 570w, https:\/\/zrconstruc.com\/wp-content\/uploads\/2019\/02\/6-300x198.jpg 300w\" sizes=\"(max-width: 570px) 100vw, 570px\" \/>                            <div class=\"overlay-box\">\r\n                                <div class=\"content\">\r\n                                    <h3>Triangle Concrete House On Lake<\/h3>\r\n                                    <div class=\"see-project\">See Project <span class=\"fa fa-angle-right\"><\/span><\/div>\r\n                                <\/div>\r\n                            <\/div>\r\n                            <!--Overlay Two-->\r\n                            <div class=\"overlay-two\">\r\n                                <div class=\"overlay-two-inner\">\r\n                                    <div class=\"overlay-two-content\">\r\n                                        <h2><a href=\"https:\/\/zrconstruc.com\/index.php\/emarat_projects\/triangle-concrete-house-on-lake-5\/\">Triangle Concrete House On Lake<\/a><\/h2>\r\n                                        <div class=\"text\">Well we\u2019re movin\u2019 on up to the east side. To a deluxe apartment in the sky. The weather started getting rough \u2013 the tiny ship&hellip;<\/div>\r\n                                        <a href=\"https:\/\/zrconstruc.com\/index.php\/emarat_projects\/triangle-concrete-house-on-lake-5\/\" class=\"see-more\">See Project <span class=\"fa fa-angle-right\"><\/span><\/a>\r\n                                    <\/div>\r\n                                <\/div>\r\n                            <\/div>\r\n                        <\/div>\r\n                    <\/div>\r\n                <\/div>\r\n                                <!--Project Block-->\r\n                <div class=\"project-block col-lg-3 col-md-6 col-sm-12\">\r\n                    <div class=\"inner-box\">\r\n                        <div class=\"image\">\r\n\t\t\t\t\t\t\t<img decoding=\"async\" width=\"270\" height=\"380\" src=\"https:\/\/zrconstruc.com\/wp-content\/uploads\/2019\/02\/7.jpg\" class=\"attachment-emarat_270x380 size-emarat_270x380 wp-post-image\" alt=\"\" srcset=\"https:\/\/zrconstruc.com\/wp-content\/uploads\/2019\/02\/7.jpg 270w, https:\/\/zrconstruc.com\/wp-content\/uploads\/2019\/02\/7-213x300.jpg 213w\" sizes=\"(max-width: 270px) 100vw, 270px\" \/>                            <div class=\"overlay-box\">\r\n                                <div class=\"content\">\r\n                                    <h3>Milko Co-Working Building<\/h3>\r\n                                    <div class=\"see-project\">See Project <span class=\"fa fa-angle-right\"><\/span><\/div>\r\n                                <\/div>\r\n                            <\/div>\r\n                            <!--Overlay Two-->\r\n                            <div class=\"overlay-two\">\r\n                                <div class=\"overlay-two-inner\">\r\n                                    <div class=\"overlay-two-content\">\r\n                                        <h2><a href=\"https:\/\/zrconstruc.com\/index.php\/emarat_projects\/milko-co-working-building-2\/\">Milko Co-Working Building<\/a><\/h2>\r\n                                        <div class=\"text\">Well we\u2019re movin\u2019 on up to the east side. To a deluxe apartment in the sky. The weather started getting rough \u2013 the tiny ship&hellip;<\/div>\r\n                                        <a href=\"https:\/\/zrconstruc.com\/index.php\/emarat_projects\/milko-co-working-building-2\/\" class=\"see-more\">See Project <span class=\"fa fa-angle-right\"><\/span><\/a>\r\n                                    <\/div>\r\n                                <\/div>\r\n                            <\/div>\r\n                        <\/div>\r\n                    <\/div>\r\n                <\/div>\r\n                                <!--Project Block-->\r\n                <div class=\"project-block col-lg-3 col-md-6 col-sm-12\">\r\n                    <div class=\"inner-box\">\r\n                        <div class=\"image\">\r\n\t\t\t\t\t\t\t<img loading=\"lazy\" decoding=\"async\" width=\"270\" height=\"380\" src=\"https:\/\/zrconstruc.com\/wp-content\/uploads\/2019\/02\/8.jpg\" class=\"attachment-emarat_270x380 size-emarat_270x380 wp-post-image\" alt=\"\" srcset=\"https:\/\/zrconstruc.com\/wp-content\/uploads\/2019\/02\/8.jpg 270w, https:\/\/zrconstruc.com\/wp-content\/uploads\/2019\/02\/8-213x300.jpg 213w\" sizes=\"(max-width: 270px) 100vw, 270px\" \/>                            <div class=\"overlay-box\">\r\n                                <div class=\"content\">\r\n                                    <h3>Milko Co-Working Building<\/h3>\r\n                                    <div class=\"see-project\">See Project <span class=\"fa fa-angle-right\"><\/span><\/div>\r\n                                <\/div>\r\n                            <\/div>\r\n                            <!--Overlay Two-->\r\n                            <div class=\"overlay-two\">\r\n                                <div class=\"overlay-two-inner\">\r\n                                    <div class=\"overlay-two-content\">\r\n                                        <h2><a href=\"https:\/\/zrconstruc.com\/index.php\/emarat_projects\/milko-co-working-building-3\/\">Milko Co-Working Building<\/a><\/h2>\r\n                                        <div class=\"text\">Well we\u2019re movin\u2019 on up to the east side. To a deluxe apartment in the sky. The weather started getting rough \u2013 the tiny ship&hellip;<\/div>\r\n                                        <a href=\"https:\/\/zrconstruc.com\/index.php\/emarat_projects\/milko-co-working-building-3\/\" class=\"see-more\">See Project <span class=\"fa fa-angle-right\"><\/span><\/a>\r\n                                    <\/div>\r\n                                <\/div>\r\n                            <\/div>\r\n                        <\/div>\r\n                    <\/div>\r\n                <\/div>\r\n                                <!--Project Block-->\r\n                <div class=\"project-block col-lg-3 col-md-6 col-sm-12\">\r\n                    <div class=\"inner-box\">\r\n                        <div class=\"image\">\r\n\t\t\t\t\t\t\t<img loading=\"lazy\" decoding=\"async\" width=\"270\" height=\"380\" src=\"https:\/\/zrconstruc.com\/wp-content\/uploads\/2019\/02\/9.jpg\" class=\"attachment-emarat_270x380 size-emarat_270x380 wp-post-image\" alt=\"\" srcset=\"https:\/\/zrconstruc.com\/wp-content\/uploads\/2019\/02\/9.jpg 270w, https:\/\/zrconstruc.com\/wp-content\/uploads\/2019\/02\/9-213x300.jpg 213w\" sizes=\"(max-width: 270px) 100vw, 270px\" \/>                            <div class=\"overlay-box\">\r\n                                <div class=\"content\">\r\n                                    <h3>Small House Near Wroclaw<\/h3>\r\n                                    <div class=\"see-project\">See Project <span class=\"fa fa-angle-right\"><\/span><\/div>\r\n                                <\/div>\r\n                            <\/div>\r\n                            <!--Overlay Two-->\r\n                            <div class=\"overlay-two\">\r\n                                <div class=\"overlay-two-inner\">\r\n                                    <div class=\"overlay-two-content\">\r\n                                        <h2><a href=\"https:\/\/zrconstruc.com\/index.php\/emarat_projects\/small-house-near-wroclaw-2\/\">Small House Near Wroclaw<\/a><\/h2>\r\n                                        <div class=\"text\">Well we\u2019re movin\u2019 on up to the east side. To a deluxe apartment in the sky. The weather started getting rough \u2013 the tiny ship&hellip;<\/div>\r\n                                        <a href=\"https:\/\/zrconstruc.com\/index.php\/emarat_projects\/small-house-near-wroclaw-2\/\" class=\"see-more\">See Project <span class=\"fa fa-angle-right\"><\/span><\/a>\r\n                                    <\/div>\r\n                                <\/div>\r\n                            <\/div>\r\n                        <\/div>\r\n                    <\/div>\r\n                <\/div>\r\n                                <!--Project Block-->\r\n                <div class=\"project-block col-lg-6 col-md-12 col-sm-12\">\r\n                    <div class=\"inner-box\">\r\n                        <div class=\"image\">\r\n\t\t\t\t\t\t\t<img loading=\"lazy\" decoding=\"async\" width=\"570\" height=\"380\" src=\"https:\/\/zrconstruc.com\/wp-content\/uploads\/2019\/02\/10-1.jpg\" class=\"attachment-emarat_570x380 size-emarat_570x380 wp-post-image\" alt=\"\" srcset=\"https:\/\/zrconstruc.com\/wp-content\/uploads\/2019\/02\/10-1.jpg 570w, https:\/\/zrconstruc.com\/wp-content\/uploads\/2019\/02\/10-1-300x200.jpg 300w\" sizes=\"(max-width: 570px) 100vw, 570px\" \/>                            <div class=\"overlay-box\">\r\n                                <div class=\"content\">\r\n                                    <h3>Ocean Museum  on Italy<\/h3>\r\n                                    <div class=\"see-project\">See Project <span class=\"fa fa-angle-right\"><\/span><\/div>\r\n                                <\/div>\r\n                            <\/div>\r\n                            <!--Overlay Two-->\r\n                            <div class=\"overlay-two\">\r\n                                <div class=\"overlay-two-inner\">\r\n                                    <div class=\"overlay-two-content\">\r\n                                        <h2><a href=\"https:\/\/zrconstruc.com\/index.php\/emarat_projects\/ocean-museum-on-italy-2\/\">Ocean Museum  on Italy<\/a><\/h2>\r\n                                        <div class=\"text\">Well we\u2019re movin\u2019 on up to the east side. To a deluxe apartment in the sky. The weather started getting rough \u2013 the tiny ship&hellip;<\/div>\r\n                                        <a href=\"https:\/\/zrconstruc.com\/index.php\/emarat_projects\/ocean-museum-on-italy-2\/\" class=\"see-more\">See Project <span class=\"fa fa-angle-right\"><\/span><\/a>\r\n                                    <\/div>\r\n                                <\/div>\r\n                            <\/div>\r\n                        <\/div>\r\n                    <\/div>\r\n                <\/div>\r\n                            <\/div>\r\n    \r\n                        <!--Btn Box-->\r\n            <div class=\"btn-box text-center\">\r\n                <a href=\"#\" class=\"theme-btn btn-style-three wow jello\" data-wow-delay=\"0ms\" data-wow-duration=\"1500ms\">M\u00e1s proyectos<\/a>\r\n            <\/div>\r\n                \r\n        <\/div>\r\n    <\/section>\r\n    <!--End Project Section Two-->\r\n    \r\n\t\t\t\t<\/div>\n\t\t\t\t<\/div>\n\t\t\t\t\t<\/div>\n\t\t<\/div>\n\t\t\t\t\t<\/div>\n\t\t<\/section>\n\t\t\t\t<section class=\"elementor-section elementor-top-section elementor-element elementor-element-c87a60c elementor-section-full_width elementor-section-height-default elementor-section-height-default\" data-id=\"c87a60c\" data-element_type=\"section\" data-e-type=\"section\">\n\t\t\t\t\t\t<div class=\"elementor-container elementor-column-gap-default\">\n\t\t\t\t\t<div class=\"elementor-column elementor-col-100 elementor-top-column elementor-element elementor-element-485ce82\" data-id=\"485ce82\" data-element_type=\"column\" data-e-type=\"column\">\n\t\t\t<div class=\"elementor-widget-wrap elementor-element-populated\">\n\t\t\t\t\t\t<div class=\"elementor-element elementor-element-f32eef0 elementor-widget elementor-widget-Newsletter\" data-id=\"f32eef0\" data-element_type=\"widget\" data-e-type=\"widget\" data-widget_type=\"Newsletter.default\">\n\t\t\t\t<div class=\"elementor-widget-container\">\n\t\t\t\t\t\r\n<!--Subscribe Section-->\r\n<section class=\"subscribe-section\">\r\n    <div class=\"auto-container\">\r\n        <div class=\"row clearfix\">\r\n            <!--Form Column-->\r\n            <div class=\"title-column col-lg-6 col-md-12 col-sm-12\">\r\n                <h2>\u00bfNecesitas m\u00e1s informaci\u00f3n?<\/h2>\r\n                <div class=\"text\">\nEnv\u00edenos un correo electr\u00f3nico y nuestro personal de soporte se pondr\u00e1 en contacto con usted.<\/div>\r\n                <div class=\"icon-box\">\r\n                    <span class=\"icon flaticon-envelope-1\"><\/span>\r\n                <\/div>\r\n            <\/div>\r\n            <!--Form Column-->\r\n            <div class=\"form-column col-lg-6 col-md-12 col-sm-12\">\r\n                <div class=\"inner-column\">\r\n                    <div class=\"subscribe-form\">\r\n                        <A href> Contactanos<\/a>                    <\/div>\r\n                <\/div>\r\n            <\/div>\r\n        <\/div>\r\n    <\/div>\r\n<\/section>\r\n<!--End Subscribe Section-->\r\n\r\n\t\t\t\t<\/div>\n\t\t\t\t<\/div>\n\t\t\t\t\t<\/div>\n\t\t<\/div>\n\t\t\t\t\t<\/div>\n\t\t<\/section>\n\t\t\t\t<\/div>\n\t\t","protected":false},"excerpt":{"rendered":"<p>Nuestro Mejores Trabajos \u00daltimos Proyectos Triangle Concrete House On Lake See Project Triangle Concrete House On Lake Well we\u2019re movin\u2019 on up to the east side. To a deluxe apartment in the sky. The weather started getting rough \u2013 the tiny ship&hellip; See Project Triangle Concrete House On Lake See Project Triangle Concrete House On [&hellip;]<\/p>\n","protected":false},"author":1,"featured_media":0,"parent":0,"menu_order":0,"comment_status":"closed","ping_status":"closed","template":"tpl-default-elementor.php","meta":{"_joinchat":[],"footnotes":""},"class_list":["post-46","page","type-page","status-publish","hentry"],"_links":{"self":[{"href":"https:\/\/zrconstruc.com\/index.php\/wp-json\/wp\/v2\/pages\/46","targetHints":{"allow":["GET"]}}],"collection":[{"href":"https:\/\/zrconstruc.com\/index.php\/wp-json\/wp\/v2\/pages"}],"about":[{"href":"https:\/\/zrconstruc.com\/index.php\/wp-json\/wp\/v2\/types\/page"}],"author":[{"embeddable":true,"href":"https:\/\/zrconstruc.com\/index.php\/wp-json\/wp\/v2\/users\/1"}],"replies":[{"embeddable":true,"href":"https:\/\/zrconstruc.com\/index.php\/wp-json\/wp\/v2\/comments?post=46"}],"version-history":[{"count":12,"href":"https:\/\/zrconstruc.com\/index.php\/wp-json\/wp\/v2\/pages\/46\/revisions"}],"predecessor-version":[{"id":2459,"href":"https:\/\/zrconstruc.com\/index.php\/wp-json\/wp\/v2\/pages\/46\/revisions\/2459"}],"wp:attachment":[{"href":"https:\/\/zrconstruc.com\/index.php\/wp-json\/wp\/v2\/media?parent=46"}],"curies":[{"name":"wp","href":"https:\/\/api.w.org\/{rel}","templated":true}]}}