{"id":35,"date":"2020-10-13T17:15:52","date_gmt":"2020-10-13T17:15:52","guid":{"rendered":"https:\/\/expert-themes.com\/newwp\/emarat\/?page_id=35"},"modified":"2023-03-10T02:04:27","modified_gmt":"2023-03-10T02:04:27","slug":"about","status":"publish","type":"page","link":"https:\/\/zrconstruc.com\/index.php\/about\/","title":{"rendered":"Nosotros"},"content":{"rendered":"\t\t<div data-elementor-type=\"wp-page\" data-elementor-id=\"35\" class=\"elementor elementor-35\">\n\t\t\t\t\t\t<section class=\"elementor-section elementor-top-section elementor-element elementor-element-1a4e3b7 elementor-section-full_width elementor-section-height-default elementor-section-height-default\" data-id=\"1a4e3b7\" data-element_type=\"section\" data-e-type=\"section\">\n\t\t\t\t\t\t<div class=\"elementor-container elementor-column-gap-default\">\n\t\t\t\t\t<div class=\"elementor-column elementor-col-100 elementor-top-column elementor-element elementor-element-5bc06fc\" data-id=\"5bc06fc\" data-element_type=\"column\" data-e-type=\"column\">\n\t\t\t<div class=\"elementor-widget-wrap\">\n\t\t\t\t\t\t\t<\/div>\n\t\t<\/div>\n\t\t\t\t\t<\/div>\n\t\t<\/section>\n\t\t\t\t<section class=\"elementor-section elementor-top-section elementor-element elementor-element-979de2c elementor-section-full_width elementor-section-height-default elementor-section-height-default\" data-id=\"979de2c\" data-element_type=\"section\" data-e-type=\"section\">\n\t\t\t\t\t\t<div class=\"elementor-container elementor-column-gap-default\">\n\t\t\t\t\t<div class=\"elementor-column elementor-col-100 elementor-top-column elementor-element elementor-element-aa91e61\" data-id=\"aa91e61\" data-element_type=\"column\" data-e-type=\"column\">\n\t\t\t<div class=\"elementor-widget-wrap elementor-element-populated\">\n\t\t\t\t\t\t<div class=\"elementor-element elementor-element-2f55e22 elementor-widget elementor-widget-Video_Section\" data-id=\"2f55e22\" data-element_type=\"widget\" data-e-type=\"widget\" data-widget_type=\"Video_Section.default\">\n\t\t\t\t<div class=\"elementor-widget-container\">\n\t\t\t\t\t\r\n<!--Video Section-->\r\n<section class=\"video-section\" style=\"background-image:url('https:\/\/zrconstruc.com\/wp-content\/uploads\/2019\/01\/7.jpg')\">\r\n    <div class=\"auto-container\">\r\n        <a href=\"https:\/\/www.youtube.com\/watch?v=dwoLzLM9wq0\" class=\"lightbox-image play-icon wow bounceIn\" data-wow-delay=\"0ms\" data-wow-duration=\"1500ms\"><span class=\"flaticon-play-button-5\"><\/span><\/a>        <div class=\"title\">Nosotros<\/div>\r\n        <h2>Obras de Infraestructuras, Fiscalizaci\u00f3n, Gerencia de Proyectos y Estudios T\u00e9cnicos<\/h2>\r\n        <div class=\"text\"><\/div>\r\n    <\/div>\r\n<\/section>\r\n<!--End Video Section-->\t\t\t\t<\/div>\n\t\t\t\t<\/div>\n\t\t\t\t<div class=\"elementor-element elementor-element-05bbf03 elementor-widget elementor-widget-About_Us\" data-id=\"05bbf03\" data-element_type=\"widget\" data-e-type=\"widget\" data-widget_type=\"About_Us.default\">\n\t\t\t\t<div class=\"elementor-widget-container\">\n\t\t\t\t\t\r\n\r\n<!-- About Section -->\r\n<section class=\"about-section\" style=\"background-image: url(https:\/\/zrconstruc.com\/wp-content\/uploads\/2020\/10\/1.jpg);\">\r\n    <div class=\"auto-container\">\r\n        <div class=\"row no-gutters\">\r\n            <!-- Image Column -->\r\n            <div class=\"image-column col-lg-6 col-md-12 col-sm-12\">\r\n                <div class=\"inner-column\">\r\n                    <div class=\"title-box wow fadeInLeft\" data-wow-delay='1200ms'>\r\n                        <h2>Nosotros<\/h2>\r\n                    <\/div>\r\n                                        <div class=\"image-box\">\r\n                        <figure class=\"alphabet-img wow fadeInRight\"><img decoding=\"async\" src=\"https:\/\/zrconstruc.com\/wp-content\/uploads\/2020\/10\/about-1.jpg\" alt=\"Awesome Image\"><\/figure>                                            <\/div>\r\n                                    <\/div>\r\n            <\/div>\r\n\r\n            <!-- Content Column -->\r\n            <div class=\"content-column col-lg-6 col-md-12 col-sm-12\">\r\n                <div class=\"inner-column wow fadeInLeft\">\r\n                    <div class=\"content-box\">\r\n                        <div class=\"sec-title\">\r\n                            <h2><\/h2>\r\n                        <\/div>\r\n                        <div class=\"text\">Nuestra empresa est\u00e1 enfocada en el dise\u00f1o, desarrollo y construcci\u00f3n de Pro- yectos de Ingenier\u00eda Civil la cual crece y se desarrolla en una filosof\u00eda basada en tres pilares b\u00e1sicos: compromiso, calidad y garant\u00eda.\n\nDomiciliada en la Provincia del Guayas, cuenta con un staff de trabajadores calificados enfocados en dar a nuestros clientes calidad y seguridad t\u00e9cnica.<\/div>\r\n                                            <\/div>\r\n                <\/div>\r\n            <\/div>\r\n        <\/div>\r\n    <\/div>\r\n<\/section>\r\n<!--End About Section -->\t\t\t\t<\/div>\n\t\t\t\t<\/div>\n\t\t\t\t\t<\/div>\n\t\t<\/div>\n\t\t\t\t\t<\/div>\n\t\t<\/section>\n\t\t\t\t<section class=\"elementor-section elementor-top-section elementor-element elementor-element-b6549a2 elementor-section-full_width elementor-section-height-default elementor-section-height-default\" data-id=\"b6549a2\" data-element_type=\"section\" data-e-type=\"section\">\n\t\t\t\t\t\t<div class=\"elementor-container elementor-column-gap-default\">\n\t\t\t\t\t<div class=\"elementor-column elementor-col-100 elementor-top-column elementor-element elementor-element-40f7cd9\" data-id=\"40f7cd9\" data-element_type=\"column\" data-e-type=\"column\">\n\t\t\t<div class=\"elementor-widget-wrap elementor-element-populated\">\n\t\t\t\t\t\t<div class=\"elementor-element elementor-element-20c8914 elementor-widget elementor-widget-Our_Team_V3\" data-id=\"20c8914\" data-element_type=\"widget\" data-e-type=\"widget\" data-widget_type=\"Our_Team_V3.default\">\n\t\t\t\t<div class=\"elementor-widget-container\">\n\t\t\t\t\t\t\r\n    <!-- Team Section -->\r\n    <section class=\"team-section-three\">\r\n        <div class=\"auto-container\">\r\n            <div class=\"sec-title centered\">\r\n                <div class=\"title\">Nuestro equipo\n<\/div>\r\n                <h2>Nuestros mejores expertos<\/h2>\r\n                <div class=\"seperater\"><\/div>\r\n            <\/div>\r\n    \r\n            <div class=\"row\">\r\n                                <!-- Team Block -->\r\n                <div class=\"team-block-three col-lg-3 col-md-6 col-sm-12 wow fadeInUp\">\r\n                    <div class=\"inner-box\">\r\n                        <div class=\"image-box\">\r\n                            <figure class=\"image\"><img fetchpriority=\"high\" decoding=\"async\" width=\"270\" height=\"320\" src=\"https:\/\/zrconstruc.com\/wp-content\/uploads\/2019\/01\/Team-03-270x320.png\" class=\"attachment-emarat_270x320 size-emarat_270x320 wp-post-image\" alt=\"\" \/><\/figure>\r\n                            <div class=\"overlay-box\">\r\n                                <div class=\"inner\">\r\n                                    \r\n\t\t\t\t\t\t\t\t\t                                    <ul class=\"social-links\">\r\n                                    \t\t\t\t\t\t\t\t\t\t<li><a href=\"https:\/\/www.facebook.com\/\" style=\"background-color:rgba(0,+0,+0,+0); color: rgb(255, 255, 255)\"><span class=\"fa fa-facebook\"><\/span><\/a><\/li>\r\n\t\t\t\t\t\t\t\t\t\t\t\t\t\t\t\t\t\t\t<li><a href=\"https:\/\/www.linkedin.com\/\" style=\"background-color:rgba(0,+0,+0,+0); color: rgb(255, 255, 255)\"><span class=\"fa fa-linkedin\"><\/span><\/a><\/li>\r\n\t\t\t\t\t\t\t\t\t\t\t\t\t\t\t\t\t\t\t<li><a href=\"https:\/\/www.skype.com\/\" style=\"background-color:rgba(0,+0,+0,+0); color: rgb(255, 255, 255)\"><span class=\"fa fa-skype\"><\/span><\/a><\/li>\r\n\t\t\t\t\t\t\t\t\t\t\t\t\t\t\t\t\t\t\t<li><a href=\"https:\/\/www.twitter.com\/\" style=\"background-color:rgba(0,+0,+0,+0); color: rgb(255, 255, 255)\"><span class=\"fa fa-twitter\"><\/span><\/a><\/li>\r\n\t\t\t\t\t\t\t\t\t                                    <\/ul>\r\n                                                                    <\/div>\r\n                            <\/div>\r\n                        <\/div>\r\n                        <div class=\"lower-content\">\r\n                            <h4 class=\"name\"><a href=\"https:\/\/zrconstruc.com\/index.php\/emarat_team\/celsiya-malcom\/\">Celsiya Malcom<\/a><\/h4>\r\n                            <span class=\"designation\">Builder Advisor<\/span>\r\n                        <\/div>\r\n                    <\/div>\r\n                <\/div>\r\n                                <!-- Team Block -->\r\n                <div class=\"team-block-three col-lg-3 col-md-6 col-sm-12 wow fadeInUp\">\r\n                    <div class=\"inner-box\">\r\n                        <div class=\"image-box\">\r\n                            <figure class=\"image\"><img decoding=\"async\" width=\"270\" height=\"320\" src=\"https:\/\/zrconstruc.com\/wp-content\/uploads\/2019\/01\/Team-01-270x320.png\" class=\"attachment-emarat_270x320 size-emarat_270x320 wp-post-image\" alt=\"\" \/><\/figure>\r\n                            <div class=\"overlay-box\">\r\n                                <div class=\"inner\">\r\n                                    \r\n\t\t\t\t\t\t\t\t\t                                    <ul class=\"social-links\">\r\n                                    \t\t\t\t\t\t\t\t\t\t<li><a href=\"https:\/\/www.facebook.com\/\" style=\"background-color:rgba(0, 0, 0, 0); color: rgb(255, 255, 255)\"><span class=\"fa fa-facebook\"><\/span><\/a><\/li>\r\n\t\t\t\t\t\t\t\t\t\t\t\t\t\t\t\t\t\t\t<li><a href=\"https:\/\/www.linkedin.com\/\" style=\"background-color:rgba(0, 0, 0, 0); color: rgb(255, 255, 255)\"><span class=\"fa fa-linkedin\"><\/span><\/a><\/li>\r\n\t\t\t\t\t\t\t\t\t\t\t\t\t\t\t\t\t\t\t<li><a href=\"https:\/\/www.skype.com\/\" style=\"background-color:rgba(0, 0, 0, 0); color: rgb(255, 255, 255)\"><span class=\"fa fa-skype\"><\/span><\/a><\/li>\r\n\t\t\t\t\t\t\t\t\t\t\t\t\t\t\t\t\t\t\t<li><a href=\"https:\/\/www.twitter.com\/\" style=\"background-color:rgba(0, 0, 0, 0); color: rgb(255, 255, 255)\"><span class=\"fa fa-twitter\"><\/span><\/a><\/li>\r\n\t\t\t\t\t\t\t\t\t                                    <\/ul>\r\n                                                                    <\/div>\r\n                            <\/div>\r\n                        <\/div>\r\n                        <div class=\"lower-content\">\r\n                            <h4 class=\"name\"><a href=\"https:\/\/zrconstruc.com\/index.php\/emarat_team\/andrea-spilber\/\">Andrea Spilber<\/a><\/h4>\r\n                            <span class=\"designation\">Project Manager<\/span>\r\n                        <\/div>\r\n                    <\/div>\r\n                <\/div>\r\n                                <!-- Team Block -->\r\n                <div class=\"team-block-three col-lg-3 col-md-6 col-sm-12 wow fadeInUp\">\r\n                    <div class=\"inner-box\">\r\n                        <div class=\"image-box\">\r\n                            <figure class=\"image\"><img decoding=\"async\" width=\"270\" height=\"320\" src=\"https:\/\/zrconstruc.com\/wp-content\/uploads\/2019\/01\/Team-02-270x320.png\" class=\"attachment-emarat_270x320 size-emarat_270x320 wp-post-image\" alt=\"\" \/><\/figure>\r\n                            <div class=\"overlay-box\">\r\n                                <div class=\"inner\">\r\n                                    \r\n\t\t\t\t\t\t\t\t\t                                    <ul class=\"social-links\">\r\n                                    \t\t\t\t\t\t\t\t\t\t<li><a href=\"https:\/\/www.facebook.com\/\" style=\"background-color:rgba(0, 0, 0, 0); color: rgb(255, 255, 255)\"><span class=\"fa fa-facebook\"><\/span><\/a><\/li>\r\n\t\t\t\t\t\t\t\t\t\t\t\t\t\t\t\t\t\t\t<li><a href=\"https:\/\/www.linkedin.com\/\" style=\"background-color:rgba(0, 0, 0, 0); color: rgb(255, 255, 255)\"><span class=\"fa fa-linkedin\"><\/span><\/a><\/li>\r\n\t\t\t\t\t\t\t\t\t\t\t\t\t\t\t\t\t\t\t<li><a href=\"https:\/\/www.skype.com\/\" style=\"background-color:rgba(0, 0, 0, 0); color: rgb(255, 255, 255)\"><span class=\"fa fa-skype\"><\/span><\/a><\/li>\r\n\t\t\t\t\t\t\t\t\t\t\t\t\t\t\t\t\t\t\t<li><a href=\"https:\/\/www.twitter.com\/\" style=\"background-color:rgba(0, 0, 0, 0); color: rgb(255, 255, 255)\"><span class=\"fa fa-twitter\"><\/span><\/a><\/li>\r\n\t\t\t\t\t\t\t\t\t                                    <\/ul>\r\n                                                                    <\/div>\r\n                            <\/div>\r\n                        <\/div>\r\n                        <div class=\"lower-content\">\r\n                            <h4 class=\"name\"><a href=\"https:\/\/zrconstruc.com\/index.php\/emarat_team\/nelson-mecoy\/\">Nelson Mecoy<\/a><\/h4>\r\n                            <span class=\"designation\">Architecture<\/span>\r\n                        <\/div>\r\n                    <\/div>\r\n                <\/div>\r\n                                <!-- Team Block -->\r\n                <div class=\"team-block-three col-lg-3 col-md-6 col-sm-12 wow fadeInUp\">\r\n                    <div class=\"inner-box\">\r\n                        <div class=\"image-box\">\r\n                            <figure class=\"image\"><img loading=\"lazy\" decoding=\"async\" width=\"270\" height=\"320\" src=\"https:\/\/zrconstruc.com\/wp-content\/uploads\/2019\/01\/Team-04-270x320.png\" class=\"attachment-emarat_270x320 size-emarat_270x320 wp-post-image\" alt=\"\" \/><\/figure>\r\n                            <div class=\"overlay-box\">\r\n                                <div class=\"inner\">\r\n                                    \r\n\t\t\t\t\t\t\t\t\t                                    <ul class=\"social-links\">\r\n                                    \t\t\t\t\t\t\t\t\t\t<li><a href=\"https:\/\/www.facebook.com\/\" style=\"background-color:rgba(0, 0, 0, 0); color: rgb(255, 255, 255)\"><span class=\"fa fa-facebook\"><\/span><\/a><\/li>\r\n\t\t\t\t\t\t\t\t\t\t\t\t\t\t\t\t\t\t\t<li><a href=\"https:\/\/www.linkedin.com\/\" style=\"background-color:rgba(0, 0, 0, 0); color: rgb(255, 255, 255)\"><span class=\"fa fa-linkedin\"><\/span><\/a><\/li>\r\n\t\t\t\t\t\t\t\t\t\t\t\t\t\t\t\t\t\t\t<li><a href=\"https:\/\/www.skype.com\/\" style=\"background-color:rgba(0, 0, 0, 0); color: rgb(255, 255, 255)\"><span class=\"fa fa-skype\"><\/span><\/a><\/li>\r\n\t\t\t\t\t\t\t\t\t\t\t\t\t\t\t\t\t\t\t<li><a href=\"https:\/\/www.twitter.com\/\" style=\"background-color:rgba(0, 0, 0, 0); color: rgb(255, 255, 255)\"><span class=\"fa fa-twitter\"><\/span><\/a><\/li>\r\n\t\t\t\t\t\t\t\t\t                                    <\/ul>\r\n                                                                    <\/div>\r\n                            <\/div>\r\n                        <\/div>\r\n                        <div class=\"lower-content\">\r\n                            <h4 class=\"name\"><a href=\"https:\/\/zrconstruc.com\/index.php\/emarat_team\/monica-rojar\/\">Monica Rojar<\/a><\/h4>\r\n                            <span class=\"designation\">Marketing Adcisor<\/span>\r\n                        <\/div>\r\n                    <\/div>\r\n                <\/div>\r\n                            <\/div>\r\n        <\/div>\r\n    <\/section>\r\n    <!--End Team Section -->\r\n    \r\n\t\t\t\t<\/div>\n\t\t\t\t<\/div>\n\t\t\t\t\t<\/div>\n\t\t<\/div>\n\t\t\t\t\t<\/div>\n\t\t<\/section>\n\t\t\t\t<section class=\"elementor-section elementor-top-section elementor-element elementor-element-d944018 elementor-section-full_width elementor-section-height-default elementor-section-height-default\" data-id=\"d944018\" data-element_type=\"section\" data-e-type=\"section\">\n\t\t\t\t\t\t<div class=\"elementor-container elementor-column-gap-default\">\n\t\t\t\t\t<div class=\"elementor-column elementor-col-100 elementor-top-column elementor-element elementor-element-f9552a7\" data-id=\"f9552a7\" data-element_type=\"column\" data-e-type=\"column\">\n\t\t\t<div class=\"elementor-widget-wrap elementor-element-populated\">\n\t\t\t\t\t\t<div class=\"elementor-element elementor-element-73f88de elementor-widget elementor-widget-Our_Clients\" data-id=\"73f88de\" data-element_type=\"widget\" data-e-type=\"widget\" data-widget_type=\"Our_Clients.default\">\n\t\t\t\t<div class=\"elementor-widget-container\">\n\t\t\t\t\t\r\n\r\n<!--Sponsors Section-->\r\n<section class=\"sponsors-section\" style=\"background-image:url('https:\/\/zrconstruc.com\/wp-content\/uploads\/2019\/01\/5.jpg')\">\r\n    <div class=\"auto-container\">\r\n        \r\n        <div class=\"sponsors-outer\">\r\n            <!--Sponsors Carousel-->\r\n            <ul class=\"sponsors-carousel owl-carousel owl-theme\">\r\n            \t                <li class=\"slide-item\"><figure class=\"image-box\"><a href=\"#\"><img decoding=\"async\" src=\"https:\/\/zrconstruc.com\/wp-content\/uploads\/2019\/01\/1.png\" alt=\"Awesome Image\"><\/a><\/figure><\/li>\r\n            \t                <li class=\"slide-item\"><figure class=\"image-box\"><a href=\"#\"><img decoding=\"async\" src=\"https:\/\/zrconstruc.com\/wp-content\/uploads\/2019\/01\/5.png\" alt=\"Awesome Image\"><\/a><\/figure><\/li>\r\n            \t                <li class=\"slide-item\"><figure class=\"image-box\"><a href=\"#\"><img decoding=\"async\" src=\"https:\/\/zrconstruc.com\/wp-content\/uploads\/2019\/01\/2.png\" alt=\"Awesome Image\"><\/a><\/figure><\/li>\r\n            \t                <li class=\"slide-item\"><figure class=\"image-box\"><a href=\"#\"><img decoding=\"async\" src=\"https:\/\/zrconstruc.com\/wp-content\/uploads\/2019\/01\/3.png\" alt=\"Awesome Image\"><\/a><\/figure><\/li>\r\n            \t                <li class=\"slide-item\"><figure class=\"image-box\"><a href=\"#\"><img decoding=\"async\" src=\"https:\/\/zrconstruc.com\/wp-content\/uploads\/2019\/01\/4.png\" alt=\"Awesome Image\"><\/a><\/figure><\/li>\r\n            \t                <li class=\"slide-item\"><figure class=\"image-box\"><a href=\"#\"><img decoding=\"async\" src=\"https:\/\/zrconstruc.com\/wp-content\/uploads\/2019\/01\/1.png\" alt=\"Awesome Image\"><\/a><\/figure><\/li>\r\n            \t                <li class=\"slide-item\"><figure class=\"image-box\"><a href=\"#\"><img decoding=\"async\" src=\"https:\/\/zrconstruc.com\/wp-content\/uploads\/2019\/01\/5.png\" alt=\"Awesome Image\"><\/a><\/figure><\/li>\r\n            \t                <li class=\"slide-item\"><figure class=\"image-box\"><a href=\"#\"><img decoding=\"async\" src=\"https:\/\/zrconstruc.com\/wp-content\/uploads\/2019\/01\/2.png\" alt=\"Awesome Image\"><\/a><\/figure><\/li>\r\n            \t            <\/ul>\r\n        <\/div>\r\n        \r\n    <\/div>\r\n<\/section>\r\n<!--End Sponsors Section-->\r\n\r\n\t\t\t\t<\/div>\n\t\t\t\t<\/div>\n\t\t\t\t\t<\/div>\n\t\t<\/div>\n\t\t\t\t\t<\/div>\n\t\t<\/section>\n\t\t\t\t<\/div>\n\t\t","protected":false},"excerpt":{"rendered":"<p>Nosotros Obras de Infraestructuras, Fiscalizaci\u00f3n, Gerencia de Proyectos y Estudios T\u00e9cnicos Nosotros Nuestra empresa est\u00e1 enfocada en el dise\u00f1o, desarrollo y construcci\u00f3n de Pro- yectos de Ingenier\u00eda Civil la cual crece y se desarrolla en una filosof\u00eda basada en tres pilares b\u00e1sicos: compromiso, calidad y garant\u00eda. Domiciliada en la Provincia del Guayas, cuenta con un [&hellip;]<\/p>\n","protected":false},"author":1,"featured_media":0,"parent":0,"menu_order":0,"comment_status":"closed","ping_status":"closed","template":"tpl-default-elementor.php","meta":{"_joinchat":[],"footnotes":""},"class_list":["post-35","page","type-page","status-publish","hentry"],"_links":{"self":[{"href":"https:\/\/zrconstruc.com\/index.php\/wp-json\/wp\/v2\/pages\/35","targetHints":{"allow":["GET"]}}],"collection":[{"href":"https:\/\/zrconstruc.com\/index.php\/wp-json\/wp\/v2\/pages"}],"about":[{"href":"https:\/\/zrconstruc.com\/index.php\/wp-json\/wp\/v2\/types\/page"}],"author":[{"embeddable":true,"href":"https:\/\/zrconstruc.com\/index.php\/wp-json\/wp\/v2\/users\/1"}],"replies":[{"embeddable":true,"href":"https:\/\/zrconstruc.com\/index.php\/wp-json\/wp\/v2\/comments?post=35"}],"version-history":[{"count":15,"href":"https:\/\/zrconstruc.com\/index.php\/wp-json\/wp\/v2\/pages\/35\/revisions"}],"predecessor-version":[{"id":2515,"href":"https:\/\/zrconstruc.com\/index.php\/wp-json\/wp\/v2\/pages\/35\/revisions\/2515"}],"wp:attachment":[{"href":"https:\/\/zrconstruc.com\/index.php\/wp-json\/wp\/v2\/media?parent=35"}],"curies":[{"name":"wp","href":"https:\/\/api.w.org\/{rel}","templated":true}]}}